{"id":436,"date":"2016-02-23T18:01:26","date_gmt":"2016-02-23T17:01:26","guid":{"rendered":"http:\/\/www.alumess.de\/en\/?page_id=436"},"modified":"2023-05-08T18:41:14","modified_gmt":"2023-05-08T16:41:14","slug":"fixtures-cmm-alumess-junior","status":"publish","type":"page","link":"https:\/\/www.alumess.de\/en\/fixtures-cmm-alumess-junior\/","title":{"rendered":"ALUMESS.junior"},"content":{"rendered":"<p><div class=\"fusion-fullwidth fullwidth-box fusion-builder-row-1 nonhundred-percent-fullwidth non-hundred-percent-height-scrolling\" style=\"--awb-background-position:left top;--awb-border-sizes-top:0px;--awb-border-sizes-bottom:0px;--awb-border-sizes-left:0px;--awb-border-sizes-right:0px;--awb-border-radius-top-left:0px;--awb-border-radius-top-right:0px;--awb-border-radius-bottom-right:0px;--awb-border-radius-bottom-left:0px;--awb-padding-top:20px;--awb-padding-bottom:0px;\" ><div class=\"fusion-builder-row fusion-row\"><div class=\"fusion-layout-column fusion_builder_column fusion-builder-column-0 fusion_builder_column_1_1 1_1 fusion-one-full fusion-column-first fusion-column-last fusion-column-no-min-height\" style=\"--awb-bg-size:cover;--awb-margin-bottom:0px;\"><div class=\"fusion-column-wrapper fusion-flex-column-wrapper-legacy\"><style type='text\/css'>.reading-box-container-1 .element-bottomshadow:before,.reading-box-container-1 .element-bottomshadow:after{opacity:0.7;}<\/style><div class=\"fusion-reading-box-container reading-box-container-1\" style=\"--awb-title-color:#333333;--awb-margin-top:0px;--awb-margin-bottom:84px;\"><div class=\"reading-box element-bottomshadow\" style=\"background-color:#f6f6f6;border-width:1px;border-color:#f6f6f6;border-top-width:3px;border-top-color:var(--primary_color);border-style:solid;\"><div class=\"reading-box-additional\">\n<h2 data-fontsize=\"18\" data-lineheight=\"27\"><span style=\"color: #1a4b7e;\"><strong>The clamping fixture\u00a0ALUMESS.junior<\/strong><\/span><\/h2>\n<p>offers a simple and reasonable entry to the modular clamping technology for series measurements on tactile coordinate measuring machines (CMMs).<\/p>\n<p>On the pallets equipped with clamping threads different supporting and positioning elements as well as necessary clamping elements can be easily and quickly mounted.<\/p>\n<p>The mounting options of the components are logical and user-friendly.<br \/>\nThe clamping system is palletizable and compatible to ALUMESS.maxx.<br \/>\nIn our ALUMES catalogue you\u2019ll find detailed information of the clamping system and a wide range of suitable equipment.<\/p>\n<\/div><div class=\"fusion-clearfix\"><\/div><\/div><\/div><div class=\"fusion-clearfix\"><\/div><\/div><\/div><\/div><\/div><div class=\"fusion-fullwidth fullwidth-box fusion-builder-row-2 fusion-flex-container has-pattern-background has-mask-background nonhundred-percent-fullwidth non-hundred-percent-height-scrolling\" style=\"--awb-border-radius-top-left:0px;--awb-border-radius-top-right:0px;--awb-border-radius-bottom-right:0px;--awb-border-radius-bottom-left:0px;\" ><div class=\"fusion-builder-row fusion-row fusion-flex-align-items-flex-start\" style=\"max-width:1560px;margin-left: calc(-4% \/ 2 );margin-right: calc(-4% \/ 2 );\"><div class=\"fusion-layout-column fusion_builder_column fusion-builder-column-1 fusion_builder_column_1_1 1_1 fusion-flex-column\" style=\"--awb-bg-size:cover;--awb-width-large:100%;--awb-margin-top-large:0px;--awb-spacing-right-large:1.92%;--awb-margin-bottom-large:20px;--awb-spacing-left-large:1.92%;--awb-width-medium:100%;--awb-order-medium:0;--awb-spacing-right-medium:1.92%;--awb-spacing-left-medium:1.92%;--awb-width-small:100%;--awb-order-small:0;--awb-spacing-right-small:1.92%;--awb-spacing-left-small:1.92%;\"><div class=\"fusion-column-wrapper fusion-column-has-shadow fusion-flex-justify-content-flex-start fusion-content-layout-column\"><div class=\"fusion-title title fusion-title-1 fusion-sep-none fusion-title-text fusion-title-size-three\"><h3 class=\"title-heading-left fusion-responsive-typography-calculated\" style=\"margin:0;--fontSize:16;--minFontSize:16;line-height:1.5;\"><strong>Video-explanations for ALUMESS.junior starter kits<\/strong><\/h3><\/div><\/div><\/div><div class=\"fusion-layout-column fusion_builder_column fusion-builder-column-2 fusion_builder_column_1_2 1_2 fusion-flex-column\" style=\"--awb-bg-size:cover;--awb-width-large:50%;--awb-margin-top-large:0px;--awb-spacing-right-large:3.84%;--awb-margin-bottom-large:20px;--awb-spacing-left-large:3.84%;--awb-width-medium:100%;--awb-order-medium:0;--awb-spacing-right-medium:1.92%;--awb-spacing-left-medium:1.92%;--awb-width-small:100%;--awb-order-small:0;--awb-spacing-right-small:1.92%;--awb-spacing-left-small:1.92%;\"><div class=\"fusion-column-wrapper fusion-column-has-shadow fusion-flex-justify-content-flex-start fusion-content-layout-column\"><div class=\"fusion-title title fusion-title-2 fusion-sep-none fusion-title-center fusion-title-text fusion-title-size-three\"><h3 class=\"title-heading-center fusion-responsive-typography-calculated\" style=\"margin:0;--fontSize:16;--minFontSize:16;line-height:1.5;\">Starter kit ALUMESS.junior A<\/h3><\/div><div class=\"fusion-video fusion-vimeo\" style=\"--awb-max-width:600px;--awb-max-height:360px;--awb-align-self:center;--awb-width:100%;\"><div class=\"video-shortcode\"><div class=\"fluid-width-video-wrapper\" style=\"padding-top:60%;\" ><iframe title=\"Vimeo video player 1\" src=\"https:\/\/player.vimeo.com\/video\/543650663?autoplay=0&autopause=0\" width=\"600\" height=\"360\" allowfullscreen allow=\"autoplay; fullscreen\"><\/iframe><\/div><\/div><\/div><\/div><\/div><div class=\"fusion-layout-column fusion_builder_column fusion-builder-column-3 fusion_builder_column_1_2 1_2 fusion-flex-column\" style=\"--awb-bg-size:cover;--awb-width-large:50%;--awb-margin-top-large:0px;--awb-spacing-right-large:3.84%;--awb-margin-bottom-large:20px;--awb-spacing-left-large:3.84%;--awb-width-medium:100%;--awb-order-medium:0;--awb-spacing-right-medium:1.92%;--awb-spacing-left-medium:1.92%;--awb-width-small:100%;--awb-order-small:0;--awb-spacing-right-small:1.92%;--awb-spacing-left-small:1.92%;\"><div class=\"fusion-column-wrapper fusion-column-has-shadow fusion-flex-justify-content-flex-start fusion-content-layout-column\"><div class=\"fusion-title title fusion-title-3 fusion-sep-none fusion-title-center fusion-title-text fusion-title-size-three\"><h3 class=\"title-heading-center fusion-responsive-typography-calculated\" style=\"margin:0;--fontSize:16;--minFontSize:16;line-height:1.5;\">Starter kit ALUMESS.junior A with workpiece<\/h3><\/div><div class=\"fusion-video fusion-vimeo\" style=\"--awb-max-width:600px;--awb-max-height:360px;--awb-align-self:center;--awb-width:100%;\"><div class=\"video-shortcode\"><div class=\"fluid-width-video-wrapper\" style=\"padding-top:60%;\" ><iframe title=\"Vimeo video player 2\" src=\"https:\/\/player.vimeo.com\/video\/572069061?autoplay=0&autopause=0\" width=\"600\" height=\"360\" allowfullscreen allow=\"autoplay; fullscreen\"><\/iframe><\/div><\/div><\/div><\/div><\/div><\/div><\/div><div class=\"fusion-fullwidth fullwidth-box fusion-builder-row-3 fusion-flex-container has-pattern-background has-mask-background nonhundred-percent-fullwidth non-hundred-percent-height-scrolling\" style=\"--awb-border-radius-top-left:0px;--awb-border-radius-top-right:0px;--awb-border-radius-bottom-right:0px;--awb-border-radius-bottom-left:0px;\" ><div class=\"fusion-builder-row fusion-row fusion-flex-align-items-flex-start\" style=\"max-width:1560px;margin-left: calc(-4% \/ 2 );margin-right: calc(-4% \/ 2 );\"><div class=\"fusion-layout-column fusion_builder_column fusion-builder-column-4 fusion_builder_column_1_1 1_1 fusion-flex-column\" style=\"--awb-bg-size:cover;--awb-width-large:100%;--awb-margin-top-large:0px;--awb-spacing-right-large:1.92%;--awb-margin-bottom-large:20px;--awb-spacing-left-large:1.92%;--awb-width-medium:100%;--awb-order-medium:0;--awb-spacing-right-medium:1.92%;--awb-spacing-left-medium:1.92%;--awb-width-small:100%;--awb-order-small:0;--awb-spacing-right-small:1.92%;--awb-spacing-left-small:1.92%;\"><div class=\"fusion-column-wrapper fusion-column-has-shadow fusion-flex-justify-content-flex-start fusion-content-layout-column\"><div class=\"fusion-title title fusion-title-4 fusion-title-text fusion-title-size-two\"><div class=\"title-sep-container title-sep-container-left fusion-no-large-visibility fusion-no-medium-visibility fusion-no-small-visibility\"><div class=\"title-sep sep-double sep-solid\" style=\"border-color:#e0dede;\"><\/div><\/div><span class=\"awb-title-spacer fusion-no-large-visibility fusion-no-medium-visibility fusion-no-small-visibility\"><\/span><h2 class=\"title-heading-left fusion-responsive-typography-calculated\" style=\"margin:0;--fontSize:18;--minFontSize:18;line-height:1.5;\">Explanation of the ALUMESS.junior fixturing system:<\/h2><span class=\"awb-title-spacer\"><\/span><div class=\"title-sep-container title-sep-container-right\"><div class=\"title-sep sep-double sep-solid\" style=\"border-color:#e0dede;\"><\/div><\/div><\/div><\/div><\/div><div class=\"fusion-layout-column fusion_builder_column fusion-builder-column-5 fusion_builder_column_1_2 1_2 fusion-flex-column\" style=\"--awb-bg-size:cover;--awb-width-large:50%;--awb-margin-top-large:0px;--awb-spacing-right-large:3.84%;--awb-margin-bottom-large:20px;--awb-spacing-left-large:3.84%;--awb-width-medium:100%;--awb-spacing-right-medium:1.92%;--awb-spacing-left-medium:1.92%;--awb-width-small:100%;--awb-spacing-right-small:1.92%;--awb-spacing-left-small:1.92%;\"><div class=\"fusion-column-wrapper fusion-flex-justify-content-flex-start fusion-content-layout-column\"><div class=\"fusion-title title fusion-title-5 fusion-sep-none fusion-title-text fusion-title-size-three\"><h3 class=\"title-heading-left fusion-responsive-typography-calculated\" style=\"margin:0;--fontSize:16;--minFontSize:16;line-height:1.5;\">Mounting example ALUMESS.junior: Pallet, assembled<\/h3><\/div><div class=\"fusion-image-element \" style=\"--awb-caption-title-font-family:var(--h2_typography-font-family);--awb-caption-title-font-weight:var(--h2_typography-font-weight);--awb-caption-title-font-style:var(--h2_typography-font-style);--awb-caption-title-size:var(--h2_typography-font-size);--awb-caption-title-transform:var(--h2_typography-text-transform);--awb-caption-title-line-height:var(--h2_typography-line-height);--awb-caption-title-letter-spacing:var(--h2_typography-letter-spacing);\"><span class=\" fusion-imageframe imageframe-none imageframe-1 hover-type-none\" class=\"image-scroll\"><a href=\"https:\/\/www.alumess.de\/wp-content\/uploads\/2017\/03\/ALUMESS-junior-pallet-assembled_1.png\" class=\"fusion-lightbox\" data-rel=\"iLightbox[2cae6d3e2943a836549]\" data-caption=\"ALUMESS.junior pallet assembled_1\" data-title=\"ALUMESS.junior pallet assembled_1\" title=\"ALUMESS.junior pallet assembled_1\"><img decoding=\"async\" width=\"767\" height=\"366\" alt=\"ALUMESS-junior-pallet-assembled_1\" src=\"https:\/\/www.alumess.de\/wp-content\/uploads\/2017\/03\/ALUMESS-junior-pallet-assembled_1.png\" class=\"img-responsive wp-image-584\" srcset=\"https:\/\/www.alumess.de\/wp-content\/uploads\/2017\/03\/ALUMESS-junior-pallet-assembled_1-300x143.png 300w, https:\/\/www.alumess.de\/wp-content\/uploads\/2017\/03\/ALUMESS-junior-pallet-assembled_1.png 767w\" sizes=\"(max-width: 767px) 100vw, 767px\" \/><\/a><\/span><\/div><\/div><\/div><div class=\"fusion-layout-column fusion_builder_column fusion-builder-column-6 fusion_builder_column_1_2 1_2 fusion-flex-column\" style=\"--awb-bg-size:cover;--awb-width-large:50%;--awb-margin-top-large:0px;--awb-spacing-right-large:3.84%;--awb-margin-bottom-large:20px;--awb-spacing-left-large:3.84%;--awb-width-medium:100%;--awb-spacing-right-medium:1.92%;--awb-spacing-left-medium:1.92%;--awb-width-small:100%;--awb-spacing-right-small:1.92%;--awb-spacing-left-small:1.92%;\"><div class=\"fusion-column-wrapper fusion-flex-justify-content-flex-start fusion-content-layout-column\"><div class=\"fusion-title title fusion-title-6 fusion-sep-none fusion-title-text fusion-title-size-three\"><h3 class=\"title-heading-left fusion-responsive-typography-calculated\" style=\"margin:0;--fontSize:16;--minFontSize:16;line-height:1.5;\">Mounting example ALUMESS.junior: Pallet, assembled<\/h3><\/div><div class=\"fusion-image-element \" style=\"--awb-caption-title-font-family:var(--h2_typography-font-family);--awb-caption-title-font-weight:var(--h2_typography-font-weight);--awb-caption-title-font-style:var(--h2_typography-font-style);--awb-caption-title-size:var(--h2_typography-font-size);--awb-caption-title-transform:var(--h2_typography-text-transform);--awb-caption-title-line-height:var(--h2_typography-line-height);--awb-caption-title-letter-spacing:var(--h2_typography-letter-spacing);\"><span class=\" fusion-imageframe imageframe-none imageframe-2 hover-type-none\" class=\"image-scroll\"><a href=\"https:\/\/www.alumess.de\/wp-content\/uploads\/2017\/03\/ALUMESS-junior-pallet-assembled_2.png\" class=\"fusion-lightbox\" data-rel=\"iLightbox[f225cc5d00110cedad5]\" data-caption=\"ALUMESS.junior pallet assembled_2\" data-title=\"ALUMESS.junior pallet assembled_2\" title=\"ALUMESS.junior pallet assembled_2\"><img decoding=\"async\" width=\"767\" height=\"366\" alt=\"ALUMESS-junior-pallet-assembled_2\" src=\"https:\/\/www.alumess.de\/wp-content\/uploads\/2017\/03\/ALUMESS-junior-pallet-assembled_2.png\" class=\"img-responsive wp-image-585\" srcset=\"https:\/\/www.alumess.de\/wp-content\/uploads\/2017\/03\/ALUMESS-junior-pallet-assembled_2-300x143.png 300w, https:\/\/www.alumess.de\/wp-content\/uploads\/2017\/03\/ALUMESS-junior-pallet-assembled_2.png 767w\" sizes=\"(max-width: 767px) 100vw, 767px\" \/><\/a><\/span><\/div><\/div><\/div><\/div><\/div><div class=\"fusion-fullwidth fullwidth-box fusion-builder-row-4 nonhundred-percent-fullwidth non-hundred-percent-height-scrolling\" style=\"--awb-background-position:left top;--awb-border-sizes-top:0px;--awb-border-sizes-bottom:0px;--awb-border-sizes-left:0px;--awb-border-sizes-right:0px;--awb-border-radius-top-left:0px;--awb-border-radius-top-right:0px;--awb-border-radius-bottom-right:0px;--awb-border-radius-bottom-left:0px;--awb-padding-top:20px;--awb-padding-bottom:20px;\" ><div class=\"fusion-builder-row fusion-row\"><div class=\"fusion-layout-column fusion_builder_column fusion-builder-column-7 fusion_builder_column_1_1 1_1 fusion-one-full fusion-column-first fusion-column-last fusion-column-no-min-height\" style=\"--awb-bg-size:cover;--awb-margin-bottom:0px;\"><div class=\"fusion-column-wrapper fusion-flex-column-wrapper-legacy\"><style type='text\/css'>.reading-box-container-2 .element-bottomshadow:before,.reading-box-container-2 .element-bottomshadow:after{opacity:0.7;}<\/style><div class=\"fusion-reading-box-container reading-box-container-2\" style=\"--awb-title-color:#333333;--awb-margin-top:0px;--awb-margin-bottom:84px;\"><div class=\"reading-box element-bottomshadow\" style=\"background-color:#f6f6f6;border-width:1px;border-color:#f6f6f6;border-top-width:3px;border-top-color:var(--primary_color);border-style:solid;\"><div class=\"reading-box-additional\">\n<h2><\/h2>\n<h3><strong>Getting started with\u00a0ALUMESS.junior we offer the following\u00a0Starter Kits:<\/strong><\/h3>\n\n<table id=\"tablepress-11\" class=\"tablepress tablepress-id-11\">\n<thead>\n<tr class=\"row-1\">\n\t<th class=\"column-1\">Type<\/th><th colspan=\"2\" class=\"column-2\">Scope of delivery<\/th><th class=\"column-4\">Order no.<\/th>\n<\/tr>\n<\/thead>\n<tbody class=\"row-striping row-hover\">\n<tr class=\"row-2\">\n\t<td class=\"column-1\"><FONT SIZE=\"2\">Starter kit ALUMESS.junior A (66 pieces)<\/FONT><br \/>\n<br \/>\n<a href=\"https:\/\/www.alumess.de\/wp-content\/uploads\/2016\/02\/ALUMESS-.junior-A-1-1.png\" rel=\"attachment wp-att-229\"><img decoding=\"async\" src=\"https:\/\/www.alumess.de\/wp-content\/uploads\/2016\/02\/ALUMESS-.junior-A-1-1-300x190.png\" alt=\"clamping device CMM starter kit.junior A\" width=\"300\" height=\"190\" class=\"alignleft size-medium wp-image-229\" srcset=\"https:\/\/www.alumess.de\/wp-content\/uploads\/2016\/02\/ALUMESS-.junior-A-1-1-300x190.png 300w, https:\/\/www.alumess.de\/wp-content\/uploads\/2016\/02\/ALUMESS-.junior-A-1-1-320x202.png 320w, https:\/\/www.alumess.de\/wp-content\/uploads\/2016\/02\/ALUMESS-.junior-A-1-1.png 500w\" sizes=\"(max-width: 300px) 100vw, 300px\" \/><\/a><\/td><td class=\"column-2\">1 x Pallet .junior 280 \u00d7 280<br \/>\n2 x Connector \u00d820 AM10-IM6<br \/>\n2 x Stud bolt \u00d816 \u00d7 40<br \/>\n2 x Stud bolt \u00d816 \u00d7 60<br \/>\n1 x Stud bolt \u00d816 \u00d7 80<br \/>\n2 x Stud bolt \u00d820 \u00d7 40<br \/>\n2 x Stud bolt \u00d820 \u00d7 30<br \/>\n2 x Slide rail<br \/>\n2 x Receiver .junior<br \/>\n1 x Supporting pin X-stop .junior<br \/>\n2 x Center \u00d816 \u00d7 33<br \/>\n1 x Supporting pin XY-stop .junior<br \/>\n2 x Supporting prism 90\u00b0 .junior<br \/>\n2 x Hold down clamp<br \/>\n<br \/>\n<br \/>\n<\/td><td class=\"column-3\">2 x Receiver pin for hold down clamp<br \/>\n8 x Threaded pin M6 \u00d7 20 DIN 913<br \/>\n4 x Threaded pin M6 \u00d7 30 DIN 913<br \/>\n4 x Cap screw M6 \u00d7 20<br \/>\n8 x Plastic plain washer \u00d816 \u00d7 6 \u00d7 2<br \/>\n2 x Supporting screw<br \/>\n4 x Hexagon nut M6<br \/>\n4 x Hexagon nut M10<br \/>\n2 x Parallel pin 6m6 \u00d7 32 DIN7<br \/>\n1 x Allen wrench SW3 short<br \/>\n1 x Allen wrench SW5 short<br \/>\n1 x Open-ended wrench SW10<br \/>\n1 x Open-ended wrench SW17<\/td><td class=\"column-4\"><FONT SIZE=\"2\"><strong>B500100030<\/strong><\/FONT><\/td>\n<\/tr>\n<tr class=\"row-3\">\n\t<td class=\"column-1\"><FONT SIZE=\"2\">Starter kit ALUMESS.junior B (102 pieces)<\/FONT><br \/>\n<br \/>\n<a href=\"https:\/\/www.alumess.de\/wp-content\/uploads\/2016\/02\/ALUMESS-.junior-B-1-1.png\" rel=\"attachment wp-att-230\"><img decoding=\"async\" src=\"https:\/\/www.alumess.de\/wp-content\/uploads\/2016\/02\/ALUMESS-.junior-B-1-1-300x191.png\" alt=\"clamping device CMM starter kit .junior B\" width=\"300\" height=\"191\" class=\"alignleft size-medium wp-image-230\" srcset=\"https:\/\/www.alumess.de\/wp-content\/uploads\/2016\/02\/ALUMESS-.junior-B-1-1-300x191.png 300w, https:\/\/www.alumess.de\/wp-content\/uploads\/2016\/02\/ALUMESS-.junior-B-1-1-460x295.png 460w, https:\/\/www.alumess.de\/wp-content\/uploads\/2016\/02\/ALUMESS-.junior-B-1-1.png 500w\" sizes=\"(max-width: 300px) 100vw, 300px\" \/><\/a><\/td><td class=\"column-2\">1 x Pallet .junior 500 \u00d7 400<br \/>\n4 x Connector \u00d820 AM10-IM6<br \/>\n2 x Stud bolt \u00d816 \u00d7 40<br \/>\n2 x Stud bolt \u00d816 \u00d7 60<br \/>\n2 x Stud bolt \u00d816 \u00d7 80<br \/>\n4 x Stud bolt \u00d820 \u00d7 40<br \/>\n4 x Stud bolt \u00d820 \u00d7 30<br \/>\n4 x Slide rail<br \/>\n4 x Receiver .junior<br \/>\n1 x Supporting pin X-stop .junior<br \/>\n2 x Center \u00d816 \u00d7 33<br \/>\n1 x Supporting pin XY-stop .junior<br \/>\n2 x Supporting prism 90\u00b0 .junior<br \/>\n3 x Magnetic support \u00d816<br \/>\n3 x Hold down clamp<br \/>\n<\/td><td class=\"column-3\">3 x Receiver pin for hold down clamp<br \/>\n12 x Threaded pin M6 \u00d7 20 DIN 913<br \/>\n4 x Threaded pin M6 \u00d7 30 DIN 913<br \/>\n4 x Threaded pin M10 \u00d7 25 DIN 913<br \/>\n8 x Cap screw M6 \u00d7 20<br \/>\n2 x Supporting screw<br \/>\n5 x Hexagon nut M6<br \/>\n5 x Hexagon nut M10<br \/>\n14 x Plastic plain washer \u00d816 \u00d7 6 \u00d7 2<br \/>\n2 x Parallel pin 6m6 \u00d7 32 DIN7<br \/>\n1 x Allen wrench SW3 short<br \/>\n1 x Allen wrench SW5 short<br \/>\n1 x Open-ended wrench SW10<br \/>\n1 x Open-ended wrench SW17<br \/>\n<\/td><td class=\"column-4\"><FONT SIZE=\"2\"><strong>B500100031<\/strong><\/FONT><\/td>\n<\/tr>\n<\/tbody>\n<\/table>\n<!-- #tablepress-11 from cache -->\n<\/div><div class=\"fusion-clearfix\"><\/div><\/div><\/div><div class=\"fusion-clearfix\"><\/div><\/div><\/div><\/div><\/div><div class=\"fusion-fullwidth fullwidth-box fusion-builder-row-5 nonhundred-percent-fullwidth non-hundred-percent-height-scrolling\" style=\"--awb-background-position:left top;--awb-border-sizes-top:0px;--awb-border-sizes-bottom:0px;--awb-border-sizes-left:0px;--awb-border-sizes-right:0px;--awb-border-radius-top-left:0px;--awb-border-radius-top-right:0px;--awb-border-radius-bottom-right:0px;--awb-border-radius-bottom-left:0px;--awb-padding-top:20px;--awb-padding-bottom:20px;\" ><div class=\"fusion-builder-row fusion-row\"><div class=\"fusion-layout-column fusion_builder_column fusion-builder-column-8 fusion_builder_column_1_3 1_3 fusion-one-third fusion-column-first\" style=\"--awb-bg-size:cover;width:33.3333333333%;width:calc(33.3333333333% - ( ( 5% + 5% ) * 0.333333333333 ) );margin-right: 5%;\"><div class=\"fusion-column-wrapper fusion-flex-column-wrapper-legacy\"><div class=\"fusion-align-block\"><a class=\"fusion-button button-3d button-large button-default fusion-button-default button-1 fusion-button-span-yes \" target=\"_blank\" rel=\"noopener noreferrer\" title=\"Request for information | offer\" href=\"https:\/\/www.alumess.de\/en\/request-for-information\/\"><span class=\"fusion-button-text\">Request for information | offer<\/span><i class=\" fa fa-info-circle button-icon-right\" aria-hidden=\"true\"><\/i><\/a><\/div><div class=\"fusion-clearfix\"><\/div><\/div><\/div><div class=\"fusion-layout-column fusion_builder_column fusion-builder-column-9 fusion_builder_column_1_3 1_3 fusion-one-third\" style=\"--awb-bg-size:cover;width:33.3333333333%;width:calc(33.3333333333% - ( ( 5% + 5% ) * 0.333333333333 ) );margin-right: 5%;\"><div class=\"fusion-column-wrapper fusion-flex-column-wrapper-legacy\"><div class=\"fusion-align-block\"><a class=\"fusion-button button-3d button-large button-default fusion-button-default button-2 fusion-button-span-yes \" target=\"_blank\" rel=\"noopener noreferrer\" title=\"Request for free expert advice\" href=\"https:\/\/www.alumess.de\/en\/request-free-expert-advice\/\"><span class=\"fusion-button-text\">Request for free expert advice<\/span><i class=\" fa fa-user button-icon-right\" aria-hidden=\"true\"><\/i><\/a><\/div><div class=\"fusion-clearfix\"><\/div><\/div><\/div><div class=\"fusion-layout-column fusion_builder_column fusion-builder-column-10 fusion_builder_column_1_3 1_3 fusion-one-third fusion-column-last\" style=\"--awb-bg-size:cover;width:33.3333333333%;width:calc(33.3333333333% - ( ( 5% + 5% ) * 0.333333333333 ) );\"><div class=\"fusion-column-wrapper fusion-flex-column-wrapper-legacy\"><div class=\"fusion-align-block\"><a class=\"fusion-button button-3d button-large button-default fusion-button-default button-3 fusion-button-span-yes \" target=\"_blank\" rel=\"noopener noreferrer\" title=\"ALUMESS catalogue PDF\" href=\"https:\/\/www.spreitzer.de\/pdf_de\/alumess.pdf\"><span class=\"fusion-button-text\">ALUMESS catalogue\u00a0PDF<\/span><i class=\" fa fa-download button-icon-right\" aria-hidden=\"true\"><\/i><\/a><\/div><div class=\"fusion-clearfix\"><\/div><\/div><\/div><\/div><\/div><\/p>\n","protected":false},"excerpt":{"rendered":"","protected":false},"author":1,"featured_media":0,"parent":0,"menu_order":0,"comment_status":"closed","ping_status":"closed","template":"","meta":{"footnotes":""},"class_list":["post-436","page","type-page","status-publish","hentry"],"_links":{"self":[{"href":"https:\/\/www.alumess.de\/en\/wp-json\/wp\/v2\/pages\/436","targetHints":{"allow":["GET"]}}],"collection":[{"href":"https:\/\/www.alumess.de\/en\/wp-json\/wp\/v2\/pages"}],"about":[{"href":"https:\/\/www.alumess.de\/en\/wp-json\/wp\/v2\/types\/page"}],"author":[{"embeddable":true,"href":"https:\/\/www.alumess.de\/en\/wp-json\/wp\/v2\/users\/1"}],"replies":[{"embeddable":true,"href":"https:\/\/www.alumess.de\/en\/wp-json\/wp\/v2\/comments?post=436"}],"version-history":[{"count":16,"href":"https:\/\/www.alumess.de\/en\/wp-json\/wp\/v2\/pages\/436\/revisions"}],"predecessor-version":[{"id":1060,"href":"https:\/\/www.alumess.de\/en\/wp-json\/wp\/v2\/pages\/436\/revisions\/1060"}],"wp:attachment":[{"href":"https:\/\/www.alumess.de\/en\/wp-json\/wp\/v2\/media?parent=436"}],"curies":[{"name":"wp","href":"https:\/\/api.w.org\/{rel}","templated":true}]}}